{"id":417,"date":"2019-03-28T21:44:48","date_gmt":"2019-03-29T00:44:48","guid":{"rendered":"https:\/\/green53.com\/novo\/?page_id=417"},"modified":"2025-01-10T13:22:18","modified_gmt":"2025-01-10T16:22:18","slug":"quem-somos","status":"publish","type":"page","link":"https:\/\/www.green53.com\/en\/quem-somos\/","title":{"rendered":"About Us"},"content":{"rendered":"<div data-elementor-type=\"wp-post\" data-elementor-id=\"417\" class=\"elementor elementor-417\" data-elementor-post-type=\"page\">\n\t\t\t\t\t\t<section class=\"elementor-section elementor-top-section elementor-element elementor-element-52eb1f52 elementor-section-height-min-height elementor-section-stretched elementor-section-full_width elementor-hidden-desktop elementor-hidden-tablet elementor-hidden-mobile elementor-section-height-default elementor-section-items-middle\" data-id=\"52eb1f52\" data-element_type=\"section\" data-settings=\"{&quot;background_background&quot;:&quot;classic&quot;,&quot;stretch_section&quot;:&quot;section-stretched&quot;}\">\n\t\t\t\t\t\t\t<div class=\"elementor-background-overlay\"><\/div>\n\t\t\t\t\t\t\t<div class=\"elementor-container elementor-column-gap-default\">\n\t\t\t\t\t<div class=\"elementor-column elementor-col-100 elementor-top-column elementor-element elementor-element-215fa577\" data-id=\"215fa577\" data-element_type=\"column\">\n\t\t\t<div class=\"elementor-widget-wrap elementor-element-populated\">\n\t\t\t\t\t\t<div class=\"elementor-element elementor-element-f6fdb89 elementor-widget elementor-widget-heading\" data-id=\"f6fdb89\" data-element_type=\"widget\" data-widget_type=\"heading.default\">\n\t\t\t\t<div class=\"elementor-widget-container\">\n\t\t\t<h1 class=\"elementor-heading-title elementor-size-default\">About Us<\/h1>\t\t<\/div>\n\t\t\t\t<\/div>\n\t\t\t\t\t<\/div>\n\t\t<\/div>\n\t\t\t\t\t<\/div>\n\t\t<\/section>\n\t\t<div class=\"elementor-element elementor-element-cf3043d e-con-full e-flex e-con e-parent\" data-id=\"cf3043d\" data-element_type=\"container\" data-settings=\"{&quot;background_background&quot;:&quot;classic&quot;}\">\n\t\t\t\t<div class=\"elementor-element elementor-element-0b60566 elementor-widget__width-inherit elementor-widget elementor-widget-heading\" data-id=\"0b60566\" data-element_type=\"widget\" data-widget_type=\"heading.default\">\n\t\t\t\t<div class=\"elementor-widget-container\">\n\t\t\t<h1 class=\"elementor-heading-title elementor-size-default\">About Us<\/h1>\t\t<\/div>\n\t\t\t\t<\/div>\n\t\t\t\t<\/div>\n\t\t<div class=\"elementor-element elementor-element-97782b6 e-flex e-con-boxed e-con e-parent\" data-id=\"97782b6\" data-element_type=\"container\">\n\t\t\t\t\t<div class=\"e-con-inner\">\n\t\t\t\t<div class=\"elementor-element elementor-element-113d648 elementor-widget elementor-widget-heading\" data-id=\"113d648\" data-element_type=\"widget\" data-widget_type=\"heading.default\">\n\t\t\t\t<div class=\"elementor-widget-container\">\n\t\t\t<h1 class=\"elementor-heading-title elementor-size-default\">Bem vindos ao Green 53<\/h1>\t\t<\/div>\n\t\t\t\t<\/div>\n\t\t\t\t\t<\/div>\n\t\t\t\t<\/div>\n\t\t<div class=\"elementor-element elementor-element-696ee71 e-flex e-con-boxed e-con e-parent\" data-id=\"696ee71\" data-element_type=\"container\">\n\t\t\t\t\t<div class=\"e-con-inner\">\n\t\t<div class=\"elementor-element elementor-element-38216c6 e-con-full e-flex e-con e-child\" data-id=\"38216c6\" data-element_type=\"container\">\n\t\t\t\t<div class=\"elementor-element elementor-element-11731ee elementor-widget elementor-widget-heading\" data-id=\"11731ee\" data-element_type=\"widget\" data-widget_type=\"heading.default\">\n\t\t\t\t<div class=\"elementor-widget-container\">\n\t\t\t<h2 class=\"elementor-heading-title elementor-size-default\">Our Story<\/h2>\t\t<\/div>\n\t\t\t\t<\/div>\n\t\t\t\t<div class=\"elementor-element elementor-element-32f17b6 elementor-widget elementor-widget-text-editor\" data-id=\"32f17b6\" data-element_type=\"widget\" data-widget_type=\"text-editor.default\">\n\t\t\t\t<div class=\"elementor-widget-container\">\n\t\t\t\t\t\t\t<p><span style=\"font-size: 18px;\">Susy Roosli and Paulo Veloso share a passion for nature and for receiving with affection.<\/span><\/p><p><span style=\"font-size: 18px;\">The boutique hotel Green 53 is the fulfillment of these feelings. The desire to experience the charm of southern Bahia and invite travelers to experience the hospitality of the region was the kick-off of the project.<\/span><\/p><p>Susy arrived in Brazil in the late 80\u2019s. She is Swiss and graduated from the Lausanne Hotel School (EHL). She choose the city of Ilh\u00e9us to establish her residence. Paulo is a Bahian from the city of Ipia\u00fa and a son of farmers.\u00a0\u00a0He fell in love with the city when he was still very young and stayed here. It was hoped that this meeting would take shape in 2004 and, together, Susy and Paulo founded the <a href=\"https:\/\/orbitaexpedicoes.com.br\/\">Travel Agency \u201c\u00d3rbita Turismo e Expedi\u00e7\u00f5es\u201d<\/a>. The company offers customized tour itineraries throughout the region. The tours, individually organized, seek to explore the most amazing places in the South of Bahia, always according to the expectations of the clients.\u00a0<span style=\"font-size: 18px;\">The Green 53 is an extension of this project with the intention of adding and receiving friends and travelers.<\/span><\/p><h1><b>Green 53 Boutique Hotel<\/b><\/h1><p><b>Charming, comfortable and with unique personality.<\/b><\/p><p class=\"p1\"><span class=\"s1\">The Green 53 is an authentic invitation to rest and well-being. Our small boutique hotel was made from the desire to offer a deeper and true connection with culture and nature.\u00a0<\/span><\/p><p class=\"p1\"><span class=\"s1\">Located in an old colonial mansion in the historic center of Ilh\u00e9us, the building was renovated in late 2018 keeping the structure of the building in a celebration of the original architecture while maintaining its personality.\u00a0<\/span><\/p><p class=\"p1\"><span class=\"s1\">The building walls do not tell only the stories of the cocoa culture that served as inspiration for Jorge Amado\u2019s novels, but also a family memory. It was in this same mansion that Susy and Paulo raised their children and built their bonds of affection.\u00a0<\/span><\/p><p class=\"p1\"><span class=\"s1\">Green 53 is a charming hotel. We consider all the details to make your stay even more pleasant. For us, luxury is reflected in simplicity.<\/span><\/p><p class=\"p1\">\u00a0<\/p>\t\t\t\t\t\t<\/div>\n\t\t\t\t<\/div>\n\t\t\t\t<\/div>\n\t\t<div class=\"elementor-element elementor-element-6149b6b e-con-full e-flex e-con e-child\" data-id=\"6149b6b\" data-element_type=\"container\">\n\t\t\t\t<div class=\"elementor-element elementor-element-248ea6d elementor-widget elementor-widget-image\" data-id=\"248ea6d\" data-element_type=\"widget\" data-widget_type=\"image.default\">\n\t\t\t\t<div class=\"elementor-widget-container\">\n\t\t\t\t\t\t\t\t\t\t<figure class=\"wp-caption\">\n\t\t\t\t\t\t\t\t\t\t<img fetchpriority=\"high\" decoding=\"async\" width=\"493\" height=\"698\" src=\"https:\/\/www.green53.com\/wp-content\/uploads\/2021\/08\/foto_antiga.webp\" class=\"attachment-large size-large wp-image-2270\" alt=\"\" srcset=\"https:\/\/www.green53.com\/wp-content\/uploads\/2021\/08\/foto_antiga.webp 493w, https:\/\/www.green53.com\/wp-content\/uploads\/2021\/08\/foto_antiga-212x300.webp 212w\" sizes=\"(max-width: 493px) 100vw, 493px\" \/>\t\t\t\t\t\t\t\t\t\t\t<figcaption class=\"widget-image-caption wp-caption-text\"><\/figcaption>\n\t\t\t\t\t\t\t\t\t\t<\/figure>\n\t\t\t\t\t\t\t<\/div>\n\t\t\t\t<\/div>\n\t\t\t\t<div class=\"elementor-element elementor-element-2233ed5 elementor-widget elementor-widget-text-editor\" data-id=\"2233ed5\" data-element_type=\"widget\" data-widget_type=\"text-editor.default\">\n\t\t\t\t<div class=\"elementor-widget-container\">\n\t\t\t\t\t\t\t<p class=\"p1\"><span class=\"s1\">\u00a0<\/span><\/p><p class=\"p1\"><span class=\"s1\">With only nine accommodations, we value the local culture in our surroundings, without ever giving up comfort and privacy. Our mission is to make you feel part of Bahia, whether serving a delicious breakfast or even sharing good conversation in our garden.\u00a0<\/span><\/p><p><span class=\"s1\">For those traveling by car, there is always a vacancy near the hotel or in a private parking, 5 minutes on foot.<\/span><\/p><p class=\"p1\"><span class=\"s1\">Green 53 Boutique Hotel invites you to rediscover Bahia.\u00a0<br \/>We will do everything for you to live here your best moments.<\/span><\/p>\t\t\t\t\t\t<\/div>\n\t\t\t\t<\/div>\n\t\t\t\t<\/div>\n\t\t\t\t\t<\/div>\n\t\t\t\t<\/div>\n\t\t\t\t<section class=\"elementor-section elementor-top-section elementor-element elementor-element-7351387 elementor-section-stretched elementor-section-full_width elementor-section-height-default elementor-section-height-default\" data-id=\"7351387\" data-element_type=\"section\" data-settings=\"{&quot;stretch_section&quot;:&quot;section-stretched&quot;}\">\n\t\t\t\t\t\t<div class=\"elementor-container elementor-column-gap-default\">\n\t\t\t\t\t<div class=\"elementor-column elementor-col-100 elementor-top-column elementor-element elementor-element-bde2cd8\" data-id=\"bde2cd8\" data-element_type=\"column\">\n\t\t\t<div class=\"elementor-widget-wrap elementor-element-populated\">\n\t\t\t\t\t\t<section class=\"elementor-section elementor-inner-section elementor-element elementor-element-5ff9e02 elementor-hidden-desktop elementor-hidden-tablet elementor-hidden-mobile elementor-section-boxed elementor-section-height-default elementor-section-height-default\" data-id=\"5ff9e02\" data-element_type=\"section\">\n\t\t\t\t\t\t<div class=\"elementor-container elementor-column-gap-default\">\n\t\t\t\t\t<div class=\"elementor-column elementor-col-50 elementor-inner-column elementor-element elementor-element-ff7bf73\" data-id=\"ff7bf73\" data-element_type=\"column\">\n\t\t\t<div class=\"elementor-widget-wrap elementor-element-populated\">\n\t\t\t\t\t\t<div class=\"elementor-element elementor-element-47156dc elementor-widget elementor-widget-heading\" data-id=\"47156dc\" data-element_type=\"widget\" data-widget_type=\"heading.default\">\n\t\t\t\t<div class=\"elementor-widget-container\">\n\t\t\t<h1 class=\"elementor-heading-title elementor-size-default\">Welcome <br>to Green 53<\/h1>\t\t<\/div>\n\t\t\t\t<\/div>\n\t\t\t\t<div class=\"elementor-element elementor-element-577c88f elementor-widget elementor-widget-image\" data-id=\"577c88f\" data-element_type=\"widget\" data-widget_type=\"image.default\">\n\t\t\t\t<div class=\"elementor-widget-container\">\n\t\t\t\t\t\t\t\t\t\t<figure class=\"wp-caption\">\n\t\t\t\t\t\t\t\t\t\t<img fetchpriority=\"high\" decoding=\"async\" width=\"493\" height=\"698\" src=\"https:\/\/www.green53.com\/wp-content\/uploads\/2021\/08\/foto_antiga.webp\" class=\"attachment-large size-large wp-image-2270\" alt=\"\" srcset=\"https:\/\/www.green53.com\/wp-content\/uploads\/2021\/08\/foto_antiga.webp 493w, https:\/\/www.green53.com\/wp-content\/uploads\/2021\/08\/foto_antiga-212x300.webp 212w\" sizes=\"(max-width: 493px) 100vw, 493px\" \/>\t\t\t\t\t\t\t\t\t\t\t<figcaption class=\"widget-image-caption wp-caption-text\"><\/figcaption>\n\t\t\t\t\t\t\t\t\t\t<\/figure>\n\t\t\t\t\t\t\t<\/div>\n\t\t\t\t<\/div>\n\t\t\t\t\t<\/div>\n\t\t<\/div>\n\t\t\t\t<div class=\"elementor-column elementor-col-50 elementor-inner-column elementor-element elementor-element-3047392\" data-id=\"3047392\" data-element_type=\"column\">\n\t\t\t<div class=\"elementor-widget-wrap elementor-element-populated\">\n\t\t\t\t\t\t<div class=\"elementor-element elementor-element-d39ab40 elementor-widget elementor-widget-heading\" data-id=\"d39ab40\" data-element_type=\"widget\" data-widget_type=\"heading.default\">\n\t\t\t\t<div class=\"elementor-widget-container\">\n\t\t\t<h2 class=\"elementor-heading-title elementor-size-default\">Our Story<\/h2>\t\t<\/div>\n\t\t\t\t<\/div>\n\t\t\t\t<div class=\"elementor-element elementor-element-ed986f0 elementor-widget elementor-widget-text-editor\" data-id=\"ed986f0\" data-element_type=\"widget\" data-widget_type=\"text-editor.default\">\n\t\t\t\t<div class=\"elementor-widget-container\">\n\t\t\t\t\t\t\t<p><span style=\"font-size: 18px;\">Susy Roosli and Paulo Veloso share a passion for nature and for receiving with affection.<\/span><\/p><p><span style=\"font-size: 18px;\">The boutique hotel Green 53 is the fulfillment of these feelings. The desire to experience the charm of southern Bahia and invite travelers to experience the hospitality of the region was the kick-off of the project.<\/span><\/p><p>Susy arrived in Brazil in the late 80\u2019s. She is Swiss and graduated from the Lausanne Hotel School (EHL). She choose the city of Ilh\u00e9us to establish her residence. Paulo is a Bahian from the city of Ipia\u00fa and a son of farmers.\u00a0\u00a0He fell in love with the city when he was still very young and stayed here. It was hoped that this meeting would take shape in 2004 and, together, Susy and Paulo founded the <a href=\"https:\/\/orbitaexpedicoes.com.br\/\">Travel Agency \u201c\u00d3rbita Turismo e Expedi\u00e7\u00f5es\u201d<\/a>. The company offers customized tour itineraries throughout the region. The tours, individually organized, seek to explore the most amazing places in the South of Bahia, always according to the expectations of the clients.\u00a0<span style=\"font-size: 18px;\">The Green 53 is an extension of this project with the intention of adding and receiving friends and travelers.<\/span><\/p><h1><b>Green 53 Boutique Hotel<\/b><\/h1><p><b>Charming, comfortable and with unique personality.<\/b><\/p><p class=\"p1\"><span class=\"s1\">The Green 53 is an authentic invitation to rest and well-being. Our small boutique hotel was made from the desire to offer a deeper and true connection with culture and nature.\u00a0<\/span><\/p><p class=\"p1\"><span class=\"s1\">Located in an old colonial mansion in the historic center of Ilh\u00e9us, the building was renovated in late 2018 keeping the structure of the building in a celebration of the original architecture while maintaining its personality.\u00a0<\/span><\/p><p class=\"p1\"><span class=\"s1\">The building walls do not tell only the stories of the cocoa culture that served as inspiration for Jorge Amado\u2019s novels, but also a family memory. It was in this same mansion that Susy and Paulo raised their children and built their bonds of affection.\u00a0<\/span><\/p><p class=\"p1\"><span class=\"s1\">Green 53 is a charming hotel. We consider all the details to make your stay even more pleasant. For us, luxury is reflected in simplicity.\u00a0<\/span><\/p><p class=\"p1\"><span class=\"s1\">With only nine accommodations, we value the local culture in our surroundings, without ever giving up comfort and privacy. Our mission is to make you feel part of Bahia, whether serving a delicious breakfast or even sharing good conversation in our garden.\u00a0<\/span><\/p><p><span class=\"s1\">For those traveling by car, there is always a vacancy near the hotel or in a private parking, 5 minutes on foot.<\/span><\/p><p class=\"p1\"><span class=\"s1\">Green 53 Boutique Hotel invites you to rediscover Bahia.\u00a0<br \/>We will do everything for you to live here your best moments.<\/span><\/p><p class=\"p1\">\u00a0<\/p>\t\t\t\t\t\t<\/div>\n\t\t\t\t<\/div>\n\t\t\t\t\t<\/div>\n\t\t<\/div>\n\t\t\t\t\t<\/div>\n\t\t<\/section>\n\t\t\t\t\t<\/div>\n\t\t<\/div>\n\t\t\t\t\t<\/div>\n\t\t<\/section>\n\t\t\t\t<section class=\"elementor-section elementor-top-section elementor-element elementor-element-d57a52e elementor-section-stretched elementor-section-boxed elementor-section-height-default elementor-section-height-default\" data-id=\"d57a52e\" data-element_type=\"section\" data-settings=\"{&quot;stretch_section&quot;:&quot;section-stretched&quot;,&quot;background_background&quot;:&quot;classic&quot;}\">\n\t\t\t\t\t\t\t<div class=\"elementor-background-overlay\"><\/div>\n\t\t\t\t\t\t\t<div class=\"elementor-container elementor-column-gap-default\">\n\t\t\t\t\t<div class=\"elementor-column elementor-col-100 elementor-top-column elementor-element elementor-element-26a9486\" data-id=\"26a9486\" data-element_type=\"column\">\n\t\t\t<div class=\"elementor-widget-wrap elementor-element-populated\">\n\t\t\t\t\t\t<div class=\"elementor-element elementor-element-2ee74e72 elementor-widget elementor-widget-heading\" data-id=\"2ee74e72\" data-element_type=\"widget\" data-widget_type=\"heading.default\">\n\t\t\t\t<div class=\"elementor-widget-container\">\n\t\t\t<h3 class=\"elementor-heading-title elementor-size-default\">Cuidar e proteger<\/h3>\t\t<\/div>\n\t\t\t\t<\/div>\n\t\t\t\t<div class=\"elementor-element elementor-element-69429f9 elementor-widget-divider--view-line elementor-widget elementor-widget-divider\" data-id=\"69429f9\" data-element_type=\"widget\" data-widget_type=\"divider.default\">\n\t\t\t\t<div class=\"elementor-widget-container\">\n\t\t\t\t\t<div class=\"elementor-divider\">\n\t\t\t<span class=\"elementor-divider-separator\">\n\t\t\t\t\t\t<\/span>\n\t\t<\/div>\n\t\t\t\t<\/div>\n\t\t\t\t<\/div>\n\t\t\t\t<div class=\"elementor-element elementor-element-3741f91 elementor-widget elementor-widget-text-editor\" data-id=\"3741f91\" data-element_type=\"widget\" data-widget_type=\"text-editor.default\">\n\t\t\t\t<div class=\"elementor-widget-container\">\n\t\t\t\t\t\t\t<p class=\"p1\"><span class=\"s1\">Inspired by the Atlantic Forest colors, in the transparency of the Bahia sea and in the diversity of cocoa agriculture, the Green 53 is committed to preserving the region\u2019s wealth in a sustainable way. We consume rainwater for irrigation of the hotel\u2019s green areas and use the green ceiling technique in our hotel to reduce the ambient temperatures. Around here, the only purpose is to get good smiles and to leave behind as good memories.\u00a0<\/span><\/p>\t\t\t\t\t\t<\/div>\n\t\t\t\t<\/div>\n\t\t\t\t\t<\/div>\n\t\t<\/div>\n\t\t\t\t\t<\/div>\n\t\t<\/section>\n\t\t\t\t<\/div>","protected":false},"excerpt":{"rendered":"<p>Quem somos Quem somos Bem vindos ao Green 53 A Hist\u00f3ria Susy Roosli e Paulo Veloso compartilham da paix\u00e3o pela natureza e por receber com afeto. O hotel boutique Green 53 \u00e9 a materializa\u00e7\u00e3o desse sentimento. A vontade de vivenciar os encantos do sul da Bahia e convidar os viajantes a conhecerem a hospitalidade da [&hellip;]<\/p>","protected":false},"author":1,"featured_media":0,"parent":0,"menu_order":0,"comment_status":"closed","ping_status":"closed","template":"","meta":{"footnotes":"","_links_to":"","_links_to_target":""},"class_list":["post-417","page","type-page","status-publish","hentry"],"_links":{"self":[{"href":"https:\/\/www.green53.com\/en\/wp-json\/wp\/v2\/pages\/417","targetHints":{"allow":["GET"]}}],"collection":[{"href":"https:\/\/www.green53.com\/en\/wp-json\/wp\/v2\/pages"}],"about":[{"href":"https:\/\/www.green53.com\/en\/wp-json\/wp\/v2\/types\/page"}],"author":[{"embeddable":true,"href":"https:\/\/www.green53.com\/en\/wp-json\/wp\/v2\/users\/1"}],"replies":[{"embeddable":true,"href":"https:\/\/www.green53.com\/en\/wp-json\/wp\/v2\/comments?post=417"}],"version-history":[{"count":38,"href":"https:\/\/www.green53.com\/en\/wp-json\/wp\/v2\/pages\/417\/revisions"}],"predecessor-version":[{"id":2983,"href":"https:\/\/www.green53.com\/en\/wp-json\/wp\/v2\/pages\/417\/revisions\/2983"}],"wp:attachment":[{"href":"https:\/\/www.green53.com\/en\/wp-json\/wp\/v2\/media?parent=417"}],"curies":[{"name":"wp","href":"https:\/\/api.w.org\/{rel}","templated":true}]}}